{"id":69,"date":"2020-01-08T11:47:50","date_gmt":"2020-01-08T10:47:50","guid":{"rendered":"https:\/\/swissstemcellmedicalcenter.com\/?page_id=69"},"modified":"2020-03-29T10:50:43","modified_gmt":"2020-03-29T08:50:43","slug":"therapiescellulaires","status":"publish","type":"page","link":"https:\/\/swissstemcellmedicalcenter.com\/en\/therapiescellulaires\/","title":{"rendered":"CELL THERAPIES"},"content":{"rendered":"<p><!--themify_builder_static--><\/p>\n<h1 style=\"text-align: center;\">CELLULAR THERAPY<\/h1>\n<h2 style=\"text-align: center;\">CELLULAR THERAPY<\/h2>\n<p style=\"text-align: center;\"><strong>Regain your energy and prolong your youthfulness.<\/strong><\/p>\n<p style=\"text-align: center;\">Plus on attend, plus il est difficile de s&rsquo;attaquer \u00e0 son rythme de vieillissement et de le ma\u00eetriser. Afin d&rsquo;en inverser les effets de fa\u00e7on efficace, l&rsquo;organisme a besoin de l&rsquo;aide que l&rsquo;extrait cellulaire peut lui apporter pour l&rsquo;aider \u00e0 se r\u00e9g\u00e9n\u00e9rer et \u00e0 ralentir le vieillissement.\u00a0Le centre m\u00e9dical Swiss Stem Cell vous propose deux m\u00e9thodes de derni\u00e8res g\u00e9n\u00e9rations afin de combattre les premiers signes du vieillessement.\u00a0<\/p>\n<p style=\"text-align: center;\">.<\/p>\n<h2>STEM CELLS<\/h2>\n<p class=\"translation-block\">Discover the power of tissue regeneration with this stem cell-based anti-aging therapy. Adapted to your needs and performed by a team of highly qualified doctors, this treatment is very effective in improving your general health, restoring the youthfulness of your skin and renewing natural collagen.<\/p>\n<ul>\n<li class=\"translation-block\"><strong>Objectives:<\/strong> the stem cell therapy offered by our medical centre aims to improve the patient\u2019s general health, prolong their active lifestyle and prevent various age-related diseases and physical signs.<\/li>\n<li class=\"translation-block\"><strong>Procedure:<\/strong>  stem cells from your adipose tissue are harvested and then sent to the laboratory. First tested microbiologically and serologically in the laboratory to ensure the quality of the sample, the cells are then separated from the fat tissue and processed. Once the cells are activated, they are re-injected into your body to revitalize your tissues and give your skin a youthful appearance.<\/li>\n<li class=\"translation-block\"><strong>Benefits of treatment:<\/strong> no chemicals or drugs are used and they are sos own stem cells. The treatment increases metabolism, rebalances your body\u2019s hormones. You will regain healthy sleep and an excellent energy level. Sexual desire is also increased.<\/li>\n<\/ul>\n<p><img decoding=\"async\" src=\"https:\/\/swissstemcellmedicalcenter.com\/wp-content\/uploads\/2020\/01\/swiss-stem-cell-36-scaled.jpg\" alt=\"swiss-stem-cell-36\" srcset=\"https:\/\/swissstemcellmedicalcenter.com\/wp-content\/uploads\/2020\/01\/swiss-stem-cell-36-scaled.jpg 2560w, https:\/\/swissstemcellmedicalcenter.com\/wp-content\/uploads\/2020\/01\/swiss-stem-cell-36-300x225.jpg 300w, https:\/\/swissstemcellmedicalcenter.com\/wp-content\/uploads\/2020\/01\/swiss-stem-cell-36-1024x768.jpg 1024w, https:\/\/swissstemcellmedicalcenter.com\/wp-content\/uploads\/2020\/01\/swiss-stem-cell-36-768x576.jpg 768w, https:\/\/swissstemcellmedicalcenter.com\/wp-content\/uploads\/2020\/01\/swiss-stem-cell-36-1536x1152.jpg 1536w, https:\/\/swissstemcellmedicalcenter.com\/wp-content\/uploads\/2020\/01\/swiss-stem-cell-36-2048x1536.jpg 2048w\" sizes=\"(max-width: 2560px) 100vw, 2560px\" \/><\/p>\n<h2><b>ACTIVE CELL EXTRACT<\/b><\/h2>\n<h5>Regenerate your body and mind.<\/h5>\n<p>D\u00e8s que nous approchons la maturit\u00e9 physique et sexuelle, le taux de dommages cellulaires augmente en vitesse et en intensit\u00e9. Afin de ralentir ce vieillissement, il est primordial d&rsquo;aider ses cellules endommag\u00e9es \u00e0 se reconstruire.\u00a0<\/p>\n<p class=\"translation-block\">Our treatment based on active cell extract enhances the self-healing capacities of your cells, as well as their mobilization and activation. The Swiss Stem Cell centre offers you a latest-generation solution, 100% natural and with a strong potential.<\/p>\n<ul>\n<li class=\"translation-block\"><strong>Objectives:<\/strong> to help your body fight the signs of aging.<\/li>\n<li style=\"font-weight: 400;\"><strong>Processus :<\/strong>\u00a0Le traitement est administr\u00e9 par voie sous-cutan\u00e9e afin de s&rsquo;assurer que la solution inject\u00e9e soit absorb\u00e9e plus lentement et efficacement par l&rsquo;organisme.\u00a0<\/li>\n<li style=\"font-weight: 400;\"><strong>Avantages du traitement :<\/strong> Les extraits cellulaires apportent une forte stimulation dans le corps entier. \u00a0Le traitement va donc renforcer les d\u00e9fenses naturelles de votre corps, soutenir son m\u00e9tabolisme, r\u00e9guler les d\u00e9s\u00e9quilibres hormonaux en stimulant les fonctions sexuelles. L&rsquo;activit\u00e9 g\u00e9n\u00e9rale du corps augmente ainsi que sa r\u00e9sistance.\u00a0<\/li>\n<\/ul>\n<p><img decoding=\"async\" src=\"https:\/\/swissstemcellmedicalcenter.com\/wp-content\/uploads\/2020\/01\/swiss-stem-cell-38-scaled.jpg\" alt=\"swiss-stem-cell-38\" srcset=\"https:\/\/swissstemcellmedicalcenter.com\/wp-content\/uploads\/2020\/01\/swiss-stem-cell-38-scaled.jpg 2560w, https:\/\/swissstemcellmedicalcenter.com\/wp-content\/uploads\/2020\/01\/swiss-stem-cell-38-300x199.jpg 300w, https:\/\/swissstemcellmedicalcenter.com\/wp-content\/uploads\/2020\/01\/swiss-stem-cell-38-1024x678.jpg 1024w, https:\/\/swissstemcellmedicalcenter.com\/wp-content\/uploads\/2020\/01\/swiss-stem-cell-38-768x509.jpg 768w, https:\/\/swissstemcellmedicalcenter.com\/wp-content\/uploads\/2020\/01\/swiss-stem-cell-38-1536x1017.jpg 1536w, https:\/\/swissstemcellmedicalcenter.com\/wp-content\/uploads\/2020\/01\/swiss-stem-cell-38-2048x1356.jpg 2048w\" sizes=\"(max-width: 2560px) 100vw, 2560px\" \/><!--\/themify_builder_static--><\/p>","protected":false},"excerpt":{"rendered":"<p>TH\u00c9RAPIE CELLULAIRE TH\u00c9RAPIE CELLULAIRE Retrouvez votre \u00e9nergie et prolongez votre capital jeunesse. Plus on attend, plus il est difficile de s&rsquo;attaquer \u00e0 son rythme de vieillissement et de le ma\u00eetriser. Afin d&rsquo;en inverser les effets de fa\u00e7on efficace, l&rsquo;organisme a besoin de l&rsquo;aide que l&rsquo;extrait cellulaire peut lui apporter pour l&rsquo;aider \u00e0 se r\u00e9g\u00e9n\u00e9rer et [&hellip;]<\/p>\n","protected":false},"author":1,"featured_media":0,"parent":0,"menu_order":0,"comment_status":"closed","ping_status":"closed","template":"","meta":{"footnotes":""},"class_list":["post-69","page","type-page","status-publish","hentry"],"yoast_head":"<!-- This site is optimized with the Yoast SEO plugin v27.5 - https:\/\/yoast.com\/product\/yoast-seo-wordpress\/ -->\n<title>TH\u00c9RAPIES CELLULAIRES - Swiss Stem Cell Medical Center<\/title>\n<meta name=\"robots\" content=\"index, follow, max-snippet:-1, max-image-preview:large, max-video-preview:-1\" \/>\n<link rel=\"canonical\" href=\"https:\/\/swissstemcellmedicalcenter.com\/en\/therapiescellulaires\/\" \/>\n<meta property=\"og:locale\" content=\"en_GB\" \/>\n<meta property=\"og:type\" content=\"article\" \/>\n<meta property=\"og:title\" content=\"TH\u00c9RAPIES CELLULAIRES - Swiss Stem Cell Medical Center\" \/>\n<meta property=\"og:description\" content=\"TH\u00c9RAPIE CELLULAIRE TH\u00c9RAPIE CELLULAIRE Retrouvez votre \u00e9nergie et prolongez votre capital jeunesse. Plus on attend, plus il est difficile de s&rsquo;attaquer \u00e0 son rythme de vieillissement et de le ma\u00eetriser. Afin d&rsquo;en inverser les effets de fa\u00e7on efficace, l&rsquo;organisme a besoin de l&rsquo;aide que l&rsquo;extrait cellulaire peut lui apporter pour l&rsquo;aider \u00e0 se r\u00e9g\u00e9n\u00e9rer et [&hellip;]\" \/>\n<meta property=\"og:url\" content=\"https:\/\/swissstemcellmedicalcenter.com\/en\/therapiescellulaires\/\" \/>\n<meta property=\"og:site_name\" content=\"Swiss Stem Cell Medical Center\" \/>\n<meta property=\"article:modified_time\" content=\"2020-03-29T08:50:43+00:00\" \/>\n<meta property=\"og:image\" content=\"https:\/\/swissstemcellmedicalcenter.com\/wp-content\/uploads\/2020\/01\/swiss-stem-cell-36-scaled.jpg\" \/>\n<meta name=\"twitter:card\" content=\"summary_large_image\" \/>\n<meta name=\"twitter:label1\" content=\"Estimated reading time\" \/>\n\t<meta name=\"twitter:data1\" content=\"3 minutes\" \/>\n<script type=\"application\/ld+json\" class=\"yoast-schema-graph\">{\"@context\":\"https:\\\/\\\/schema.org\",\"@graph\":[{\"@type\":\"WebPage\",\"@id\":\"https:\\\/\\\/swissstemcellmedicalcenter.com\\\/therapiescellulaires\\\/\",\"url\":\"https:\\\/\\\/swissstemcellmedicalcenter.com\\\/therapiescellulaires\\\/\",\"name\":\"TH\u00c9RAPIES CELLULAIRES - Swiss Stem Cell Medical Center\",\"isPartOf\":{\"@id\":\"https:\\\/\\\/swissstemcellmedicalcenter.com\\\/#website\"},\"primaryImageOfPage\":{\"@id\":\"https:\\\/\\\/swissstemcellmedicalcenter.com\\\/therapiescellulaires\\\/#primaryimage\"},\"image\":{\"@id\":\"https:\\\/\\\/swissstemcellmedicalcenter.com\\\/therapiescellulaires\\\/#primaryimage\"},\"thumbnailUrl\":\"https:\\\/\\\/swissstemcellmedicalcenter.com\\\/wp-content\\\/uploads\\\/2020\\\/01\\\/swiss-stem-cell-36-scaled.jpg\",\"datePublished\":\"2020-01-08T10:47:50+00:00\",\"dateModified\":\"2020-03-29T08:50:43+00:00\",\"breadcrumb\":{\"@id\":\"https:\\\/\\\/swissstemcellmedicalcenter.com\\\/therapiescellulaires\\\/#breadcrumb\"},\"inLanguage\":\"en-GB\",\"potentialAction\":[{\"@type\":\"ReadAction\",\"target\":[\"https:\\\/\\\/swissstemcellmedicalcenter.com\\\/therapiescellulaires\\\/\"]}]},{\"@type\":\"ImageObject\",\"inLanguage\":\"en-GB\",\"@id\":\"https:\\\/\\\/swissstemcellmedicalcenter.com\\\/therapiescellulaires\\\/#primaryimage\",\"url\":\"https:\\\/\\\/swissstemcellmedicalcenter.com\\\/wp-content\\\/uploads\\\/2020\\\/01\\\/swiss-stem-cell-36-scaled.jpg\",\"contentUrl\":\"https:\\\/\\\/swissstemcellmedicalcenter.com\\\/wp-content\\\/uploads\\\/2020\\\/01\\\/swiss-stem-cell-36-scaled.jpg\"},{\"@type\":\"BreadcrumbList\",\"@id\":\"https:\\\/\\\/swissstemcellmedicalcenter.com\\\/therapiescellulaires\\\/#breadcrumb\",\"itemListElement\":[{\"@type\":\"ListItem\",\"position\":1,\"name\":\"Accueil\",\"item\":\"https:\\\/\\\/swissstemcellmedicalcenter.com\\\/\"},{\"@type\":\"ListItem\",\"position\":2,\"name\":\"TH\u00c9RAPIES CELLULAIRES\"}]},{\"@type\":\"WebSite\",\"@id\":\"https:\\\/\\\/swissstemcellmedicalcenter.com\\\/#website\",\"url\":\"https:\\\/\\\/swissstemcellmedicalcenter.com\\\/\",\"name\":\"Swiss Stem Cell Medical Center\",\"description\":\"Tagline du site \u00e0 d\u00e9finir...\",\"potentialAction\":[{\"@type\":\"SearchAction\",\"target\":{\"@type\":\"EntryPoint\",\"urlTemplate\":\"https:\\\/\\\/swissstemcellmedicalcenter.com\\\/?s={search_term_string}\"},\"query-input\":{\"@type\":\"PropertyValueSpecification\",\"valueRequired\":true,\"valueName\":\"search_term_string\"}}],\"inLanguage\":\"en-GB\"}]}<\/script>\n<!-- \/ Yoast SEO plugin. -->","yoast_head_json":{"title":"TH\u00c9RAPIES CELLULAIRES - Swiss Stem Cell Medical Center","robots":{"index":"index","follow":"follow","max-snippet":"max-snippet:-1","max-image-preview":"max-image-preview:large","max-video-preview":"max-video-preview:-1"},"canonical":"https:\/\/swissstemcellmedicalcenter.com\/en\/therapiescellulaires\/","og_locale":"en_GB","og_type":"article","og_title":"TH\u00c9RAPIES CELLULAIRES - Swiss Stem Cell Medical Center","og_description":"TH\u00c9RAPIE CELLULAIRE TH\u00c9RAPIE CELLULAIRE Retrouvez votre \u00e9nergie et prolongez votre capital jeunesse. Plus on attend, plus il est difficile de s&rsquo;attaquer \u00e0 son rythme de vieillissement et de le ma\u00eetriser. Afin d&rsquo;en inverser les effets de fa\u00e7on efficace, l&rsquo;organisme a besoin de l&rsquo;aide que l&rsquo;extrait cellulaire peut lui apporter pour l&rsquo;aider \u00e0 se r\u00e9g\u00e9n\u00e9rer et [&hellip;]","og_url":"https:\/\/swissstemcellmedicalcenter.com\/en\/therapiescellulaires\/","og_site_name":"Swiss Stem Cell Medical Center","article_modified_time":"2020-03-29T08:50:43+00:00","og_image":[{"url":"https:\/\/swissstemcellmedicalcenter.com\/wp-content\/uploads\/2020\/01\/swiss-stem-cell-36-scaled.jpg","type":"","width":"","height":""}],"twitter_card":"summary_large_image","twitter_misc":{"Estimated reading time":"3 minutes"},"schema":{"@context":"https:\/\/schema.org","@graph":[{"@type":"WebPage","@id":"https:\/\/swissstemcellmedicalcenter.com\/therapiescellulaires\/","url":"https:\/\/swissstemcellmedicalcenter.com\/therapiescellulaires\/","name":"TH\u00c9RAPIES CELLULAIRES - Swiss Stem Cell Medical Center","isPartOf":{"@id":"https:\/\/swissstemcellmedicalcenter.com\/#website"},"primaryImageOfPage":{"@id":"https:\/\/swissstemcellmedicalcenter.com\/therapiescellulaires\/#primaryimage"},"image":{"@id":"https:\/\/swissstemcellmedicalcenter.com\/therapiescellulaires\/#primaryimage"},"thumbnailUrl":"https:\/\/swissstemcellmedicalcenter.com\/wp-content\/uploads\/2020\/01\/swiss-stem-cell-36-scaled.jpg","datePublished":"2020-01-08T10:47:50+00:00","dateModified":"2020-03-29T08:50:43+00:00","breadcrumb":{"@id":"https:\/\/swissstemcellmedicalcenter.com\/therapiescellulaires\/#breadcrumb"},"inLanguage":"en-GB","potentialAction":[{"@type":"ReadAction","target":["https:\/\/swissstemcellmedicalcenter.com\/therapiescellulaires\/"]}]},{"@type":"ImageObject","inLanguage":"en-GB","@id":"https:\/\/swissstemcellmedicalcenter.com\/therapiescellulaires\/#primaryimage","url":"https:\/\/swissstemcellmedicalcenter.com\/wp-content\/uploads\/2020\/01\/swiss-stem-cell-36-scaled.jpg","contentUrl":"https:\/\/swissstemcellmedicalcenter.com\/wp-content\/uploads\/2020\/01\/swiss-stem-cell-36-scaled.jpg"},{"@type":"BreadcrumbList","@id":"https:\/\/swissstemcellmedicalcenter.com\/therapiescellulaires\/#breadcrumb","itemListElement":[{"@type":"ListItem","position":1,"name":"Accueil","item":"https:\/\/swissstemcellmedicalcenter.com\/"},{"@type":"ListItem","position":2,"name":"TH\u00c9RAPIES CELLULAIRES"}]},{"@type":"WebSite","@id":"https:\/\/swissstemcellmedicalcenter.com\/#website","url":"https:\/\/swissstemcellmedicalcenter.com\/","name":"Swiss Stem Cell Medical Center","description":"Tagline du site \u00e0 d\u00e9finir...","potentialAction":[{"@type":"SearchAction","target":{"@type":"EntryPoint","urlTemplate":"https:\/\/swissstemcellmedicalcenter.com\/?s={search_term_string}"},"query-input":{"@type":"PropertyValueSpecification","valueRequired":true,"valueName":"search_term_string"}}],"inLanguage":"en-GB"}]}},"_links":{"self":[{"href":"https:\/\/swissstemcellmedicalcenter.com\/en\/wp-json\/wp\/v2\/pages\/69","targetHints":{"allow":["GET"]}}],"collection":[{"href":"https:\/\/swissstemcellmedicalcenter.com\/en\/wp-json\/wp\/v2\/pages"}],"about":[{"href":"https:\/\/swissstemcellmedicalcenter.com\/en\/wp-json\/wp\/v2\/types\/page"}],"author":[{"embeddable":true,"href":"https:\/\/swissstemcellmedicalcenter.com\/en\/wp-json\/wp\/v2\/users\/1"}],"replies":[{"embeddable":true,"href":"https:\/\/swissstemcellmedicalcenter.com\/en\/wp-json\/wp\/v2\/comments?post=69"}],"version-history":[{"count":5,"href":"https:\/\/swissstemcellmedicalcenter.com\/en\/wp-json\/wp\/v2\/pages\/69\/revisions"}],"predecessor-version":[{"id":773,"href":"https:\/\/swissstemcellmedicalcenter.com\/en\/wp-json\/wp\/v2\/pages\/69\/revisions\/773"}],"wp:attachment":[{"href":"https:\/\/swissstemcellmedicalcenter.com\/en\/wp-json\/wp\/v2\/media?parent=69"}],"curies":[{"name":"wp","href":"https:\/\/api.w.org\/{rel}","templated":true}]}}